{"id":286,"date":"2024-06-13T09:06:28","date_gmt":"2024-06-13T09:06:28","guid":{"rendered":"https:\/\/stagekleuteronderwijs.pxl.be\/?page_id=286"},"modified":"2025-08-22T09:34:35","modified_gmt":"2025-08-22T07:34:35","slug":"stageconcept","status":"publish","type":"page","link":"https:\/\/stagekleuteronderwijs.pxl.be\/?page_id=286","title":{"rendered":"Stageconcept"},"content":{"rendered":"<p>[et_pb_section fb_built=&#8221;1&#8243; _builder_version=&#8221;4.25.1&#8243; _module_preset=&#8221;default&#8221; global_colors_info=&#8221;{}&#8221;][et_pb_row _builder_version=&#8221;4.25.1&#8243; _module_preset=&#8221;default&#8221; global_colors_info=&#8221;{}&#8221;][et_pb_column type=&#8221;4_4&#8243; _builder_version=&#8221;4.25.1&#8243; _module_preset=&#8221;default&#8221; global_colors_info=&#8221;{}&#8221;][et_pb_heading title=&#8221;Stageconcept &#8211; LKO2&#8243; _builder_version=&#8221;4.27.0&#8243; _module_preset=&#8221;default&#8221; custom_padding=&#8221;0px|||||&#8221; animation_style=&#8221;bounce&#8221; title_text_shadow_style=&#8221;preset3&#8243; global_colors_info=&#8221;{}&#8221;][\/et_pb_heading][\/et_pb_column][\/et_pb_row][et_pb_row _builder_version=&#8221;4.27.0&#8243; _module_preset=&#8221;default&#8221; global_colors_info=&#8221;{}&#8221;][et_pb_column type=&#8221;4_4&#8243; _builder_version=&#8221;4.27.0&#8243; _module_preset=&#8221;default&#8221; global_colors_info=&#8221;{}&#8221;][et_pb_tabs _builder_version=&#8221;4.27.0&#8243; _module_preset=&#8221;default&#8221; global_colors_info=&#8221;{}&#8221;][et_pb_tab title=&#8221;WERKEN ZONDER THEMA (WZT) &#8211; jongste kleuters&#8221; _builder_version=&#8221;4.27.0&#8243; _module_preset=&#8221;default&#8221; global_colors_info=&#8221;{}&#8221;]<\/p>\n<p>Bij het werken zonder thema vallen we terug op het fundament van de rijke leeromgeving, namelijk op het rijk basismilieu en de rituelen. Tijdens deze stageperiode neemt de student dan ook echt de tijd voor het uitwerken van het rijk basismilieu. Daarnaast besteedt de student uitgebreid aandacht aan de rituelen bij de jongste kleuter. Er wordt een antwoord gezocht op de volgende vragen:<\/p>\n<ul>\n<li>Staat mijn rijk basismilieu op punt?<\/li>\n<li>Zijn de rituelen geautomatiseerd?<\/li>\n<\/ul>\n<p>Om een antwoord te kunnen formuleren op deze vragen krijgen observeren en reflecteren een centrale plaats binnen het werken zonder thema. Door in te zetten op de observatie-en reflectiecyclus vanuit de focus \u201ckwaliteit van spel\u201d en vanuit \u201cdoelgericht werken\u201d, krijgen we niet alleen een antwoord op bovenstaande vragen maar wordt de student ook uitgenodigd tot actie en bijsturing.<\/p>\n<p>Een van de mogelijke acties is het aanpassen van het rijk basismilieu en\/of de rituelen i.f.v. de behoeften van de kleuters. Wanneer deze op punt staan maar de kwaliteit van spel nog niet optimaal is, is het interessant bewuste keuzes te maken inzake spelbegeleiding. De ambitie binnen het werken zonder thema is het investeren in het rijk basismilieu maar ook het inzetten op zelfsturing m.b.t. vrij spel van de kleuters. De bedoeling is om zo meer tijd te krijgen voor de kleuters, om ze te leren kennen i.f.v het uitwerken van een aanbod waarin maximale ontwikkelingskansen voor alle kleuters gegarandeerd kunnen worden.<\/p>\n<p>De nadruk ligt dus echt op de zoektocht naar een rijk basismilieu en specifiek op het aanpassen en op punt stellen van dit basismilieu, veel meer dan op het verrijken ervan.<\/p>\n<p>&nbsp;<\/p>\n<p>[\/et_pb_tab][et_pb_tab title=&#8221;Themaplanning &#8211; oudste kleuters&#8221; _builder_version=&#8221;4.27.0&#8243; _module_preset=&#8221;default&#8221; global_colors_info=&#8221;{}&#8221;]<\/p>\n<p>Volgens de principes van de themaplanning vertrekt de student vanuit \u00e9\u00e9n \u00e0 twee kernleerplandoelen uit de leergebieden mens en maatschappij en\/of wetenschap en techniek. Vervolgens zet de student de stap naar de andere leergebieden.<\/p>\n<p>Voor de eerste week themaplanning in maart, worden de kernleerplandoelen door de opleiding bepaald zodat we zo goed mogelijk kunnen inzetten op de begeleiding van de student. Het is de bedoeling dat de student deze doelen uitwerkt voor de volledige stageweek.<\/p>\n<p>In de opleiding verkennen we samen met de student de doelen. Binnen het gekozen thema is het vervolgens belangrijk dat naast de doelen van mens en maatschappij en\/of wetenschap en techniek, bewust gekozen wordt voor andere doelen. \u00a0Omdat doelgerichte samenhang in de themaplanning essentieel is, waken we er samen over dat alle doelen op een doordachte manier ge\u00efntegreerd worden. Bij het uitwerken van de themaplanning staat naast de doelgerichte samenhang, ook het clusteren van de doelen volgens de cyclus: impressie \u2013 oefening\/expressie \u2013 verankering centraal. Zodra de student deze oefening heeft uitgevoerd, krijgt hij een helder beeld van de activiteiten die hij zal uitvoeren, inclusief het vrij spel in de hoeken.<\/p>\n<p>[\/et_pb_tab][\/et_pb_tabs][\/et_pb_column][\/et_pb_row][\/et_pb_section]<\/p>\n","protected":false},"excerpt":{"rendered":"<p>Bij het werken zonder thema vallen we terug op het fundament van de rijke leeromgeving, namelijk op het rijk basismilieu en de rituelen. Tijdens deze stageperiode neemt de student dan ook echt de tijd voor het uitwerken van het rijk basismilieu. Daarnaast besteedt de student uitgebreid aandacht aan de rituelen bij de jongste kleuter. Er [&hellip;]<\/p>\n","protected":false},"author":2,"featured_media":0,"parent":0,"menu_order":0,"comment_status":"closed","ping_status":"closed","template":"","meta":{"_et_pb_use_builder":"on","_et_pb_old_content":"","_et_gb_content_width":"","footnotes":""},"class_list":["post-286","page","type-page","status-publish","hentry"],"_links":{"self":[{"href":"https:\/\/stagekleuteronderwijs.pxl.be\/index.php?rest_route=\/wp\/v2\/pages\/286","targetHints":{"allow":["GET"]}}],"collection":[{"href":"https:\/\/stagekleuteronderwijs.pxl.be\/index.php?rest_route=\/wp\/v2\/pages"}],"about":[{"href":"https:\/\/stagekleuteronderwijs.pxl.be\/index.php?rest_route=\/wp\/v2\/types\/page"}],"author":[{"embeddable":true,"href":"https:\/\/stagekleuteronderwijs.pxl.be\/index.php?rest_route=\/wp\/v2\/users\/2"}],"replies":[{"embeddable":true,"href":"https:\/\/stagekleuteronderwijs.pxl.be\/index.php?rest_route=%2Fwp%2Fv2%2Fcomments&post=286"}],"version-history":[{"count":8,"href":"https:\/\/stagekleuteronderwijs.pxl.be\/index.php?rest_route=\/wp\/v2\/pages\/286\/revisions"}],"predecessor-version":[{"id":1328,"href":"https:\/\/stagekleuteronderwijs.pxl.be\/index.php?rest_route=\/wp\/v2\/pages\/286\/revisions\/1328"}],"wp:attachment":[{"href":"https:\/\/stagekleuteronderwijs.pxl.be\/index.php?rest_route=%2Fwp%2Fv2%2Fmedia&parent=286"}],"curies":[{"name":"wp","href":"https:\/\/api.w.org\/{rel}","templated":true}]}}